{"id":6314,"date":"2025-09-24T20:00:22","date_gmt":"2025-09-24T20:00:22","guid":{"rendered":"https:\/\/modest-napier.216-250-124-103.plesk.page\/index.php\/producto\/tinte-negro-natural-1-0-shaylet-shanaturals\/"},"modified":"2025-09-24T20:45:42","modified_gmt":"2025-09-24T20:45:42","slug":"tinte-negro-natural-1-0-shaylet-shanaturals","status":"publish","type":"product","link":"https:\/\/modest-napier.216-250-124-103.plesk.page\/index.php\/producto\/tinte-negro-natural-1-0-shaylet-shanaturals\/","title":{"rendered":"Tinte Shaylet 1.0 Negro Natural Shanatural&#8217;s"},"content":{"rendered":"<p data-mce-fragment=\"1\"><strong data-mce-fragment=\"1\">Descripci\u00f3n:<\/strong><\/p>\n<p data-mce-fragment=\"1\"><span>Contiene aceite de Arg\u00e1n. El aceite de Arg\u00e1n es conocido por sus propiedades reparadoras y regeneradoras. Es rico en Vitamina E y antioxidantes, esenciales para dejar el cabello sedoso, con brillo y fuerte.<\/span><\/p>\n<p data-mce-fragment=\"1\"><strong data-mce-fragment=\"1\">Modo de uso:<\/strong><\/p>\n<ol>\n<li><span data-mce-fragment=\"1\">Mezcle el tinte con la crema reveladora.<\/span><\/li>\n<li><span data-mce-fragment=\"1\">Aplique el contenido en su cabello.<\/span><\/li>\n<li><span data-mce-fragment=\"1\">Espere 45 min y enjuague.<\/span><\/li>\n<li><span data-mce-fragment=\"1\">Aplique el acondicionador revitalizante y enjuague nuevamente.<\/span><\/li>\n<\/ol>\n<p data-mce-fragment=\"1\"><strong data-mce-fragment=\"1\">Contenido:<\/strong><\/p>\n<p data-mce-fragment=\"1\">425 ml.<\/p>\n","protected":false},"excerpt":{"rendered":"<p>Descripci\u00f3n: Contiene aceite de Arg\u00e1n. El aceite de Arg\u00e1n es conocido por sus propiedades reparadoras y regeneradoras. Es rico en Vitamina E y antioxidantes, esenciales para dejar el cabello sedoso, [&hellip;]<\/p>\n","protected":false},"featured_media":2897,"comment_status":"open","ping_status":"closed","template":"","meta":[],"product_brand":[362],"product_cat":[337,334],"product_tag":[],"class_list":{"0":"post-6314","1":"product","2":"type-product","3":"status-publish","4":"has-post-thumbnail","6":"product_brand-shanaturals","7":"product_cat-productos","8":"product_cat-tintes-para-cabello","10":"first","11":"instock","12":"shipping-taxable","13":"purchasable","14":"product-type-simple"},"_links":{"self":[{"href":"https:\/\/modest-napier.216-250-124-103.plesk.page\/index.php\/wp-json\/wp\/v2\/product\/6314","targetHints":{"allow":["GET"]}}],"collection":[{"href":"https:\/\/modest-napier.216-250-124-103.plesk.page\/index.php\/wp-json\/wp\/v2\/product"}],"about":[{"href":"https:\/\/modest-napier.216-250-124-103.plesk.page\/index.php\/wp-json\/wp\/v2\/types\/product"}],"replies":[{"embeddable":true,"href":"https:\/\/modest-napier.216-250-124-103.plesk.page\/index.php\/wp-json\/wp\/v2\/comments?post=6314"}],"wp:featuredmedia":[{"embeddable":true,"href":"https:\/\/modest-napier.216-250-124-103.plesk.page\/index.php\/wp-json\/wp\/v2\/media\/2897"}],"wp:attachment":[{"href":"https:\/\/modest-napier.216-250-124-103.plesk.page\/index.php\/wp-json\/wp\/v2\/media?parent=6314"}],"wp:term":[{"taxonomy":"product_brand","embeddable":true,"href":"https:\/\/modest-napier.216-250-124-103.plesk.page\/index.php\/wp-json\/wp\/v2\/product_brand?post=6314"},{"taxonomy":"product_cat","embeddable":true,"href":"https:\/\/modest-napier.216-250-124-103.plesk.page\/index.php\/wp-json\/wp\/v2\/product_cat?post=6314"},{"taxonomy":"product_tag","embeddable":true,"href":"https:\/\/modest-napier.216-250-124-103.plesk.page\/index.php\/wp-json\/wp\/v2\/product_tag?post=6314"}],"curies":[{"name":"wp","href":"https:\/\/api.w.org\/{rel}","templated":true}]}}