{"id":6317,"date":"2025-09-24T20:00:27","date_gmt":"2025-09-24T20:00:27","guid":{"rendered":"https:\/\/modest-napier.216-250-124-103.plesk.page\/index.php\/producto\/tonico-castana-de-indias-reforzado-con-ginkgo-biloba-c-1-lt-tara-naturista\/"},"modified":"2025-09-24T20:43:53","modified_gmt":"2025-09-24T20:43:53","slug":"tonico-castana-de-indias-reforzado-con-ginkgo-biloba-c-1-lt-tara-naturista","status":"publish","type":"product","link":"https:\/\/modest-napier.216-250-124-103.plesk.page\/index.php\/producto\/tonico-castana-de-indias-reforzado-con-ginkgo-biloba-c-1-lt-tara-naturista\/","title":{"rendered":"T\u00f3nico Casta\u00f1a de Indias con Ginko Biloba 1 litro"},"content":{"rendered":"<p><strong>Descripci\u00f3n: <\/strong><\/p>\n<p>Auxiliar en el tratamiento para mejorar la circulaci\u00f3n, hemorroides y flebitis .<\/p>\n<p><strong>Modo de uso:<\/strong> Tomar una copita tres veces al d\u00eda.<\/p>\n<p><strong>Contenido:<\/strong> 1 lt.&#8221;<\/p>\n","protected":false},"excerpt":{"rendered":"<p>Descripci\u00f3n: Auxiliar en el tratamiento para mejorar la circulaci\u00f3n, hemorroides y flebitis . Modo de uso: Tomar una copita tres veces al d\u00eda. Contenido: 1 lt.&#8221;<\/p>\n","protected":false},"featured_media":2900,"comment_status":"open","ping_status":"closed","template":"","meta":[],"product_brand":[473],"product_cat":[337,318],"product_tag":[128],"class_list":{"0":"post-6317","1":"product","2":"type-product","3":"status-publish","4":"has-post-thumbnail","6":"product_brand-tara-naturista","7":"product_cat-productos","8":"product_cat-salud","9":"product_tag-castano-de-indias","11":"first","12":"instock","13":"shipping-taxable","14":"purchasable","15":"product-type-simple"},"_links":{"self":[{"href":"https:\/\/modest-napier.216-250-124-103.plesk.page\/index.php\/wp-json\/wp\/v2\/product\/6317","targetHints":{"allow":["GET"]}}],"collection":[{"href":"https:\/\/modest-napier.216-250-124-103.plesk.page\/index.php\/wp-json\/wp\/v2\/product"}],"about":[{"href":"https:\/\/modest-napier.216-250-124-103.plesk.page\/index.php\/wp-json\/wp\/v2\/types\/product"}],"replies":[{"embeddable":true,"href":"https:\/\/modest-napier.216-250-124-103.plesk.page\/index.php\/wp-json\/wp\/v2\/comments?post=6317"}],"wp:featuredmedia":[{"embeddable":true,"href":"https:\/\/modest-napier.216-250-124-103.plesk.page\/index.php\/wp-json\/wp\/v2\/media\/2900"}],"wp:attachment":[{"href":"https:\/\/modest-napier.216-250-124-103.plesk.page\/index.php\/wp-json\/wp\/v2\/media?parent=6317"}],"wp:term":[{"taxonomy":"product_brand","embeddable":true,"href":"https:\/\/modest-napier.216-250-124-103.plesk.page\/index.php\/wp-json\/wp\/v2\/product_brand?post=6317"},{"taxonomy":"product_cat","embeddable":true,"href":"https:\/\/modest-napier.216-250-124-103.plesk.page\/index.php\/wp-json\/wp\/v2\/product_cat?post=6317"},{"taxonomy":"product_tag","embeddable":true,"href":"https:\/\/modest-napier.216-250-124-103.plesk.page\/index.php\/wp-json\/wp\/v2\/product_tag?post=6317"}],"curies":[{"name":"wp","href":"https:\/\/api.w.org\/{rel}","templated":true}]}}