{"id":6319,"date":"2025-09-24T20:00:29","date_gmt":"2025-09-24T20:00:29","guid":{"rendered":"https:\/\/modest-napier.216-250-124-103.plesk.page\/index.php\/producto\/tonico-de-moringa-1-lt-aly\/"},"modified":"2025-09-24T20:46:59","modified_gmt":"2025-09-24T20:46:59","slug":"tonico-de-moringa-1-lt-aly","status":"publish","type":"product","link":"https:\/\/modest-napier.216-250-124-103.plesk.page\/index.php\/producto\/tonico-de-moringa-1-lt-aly\/","title":{"rendered":"T\u00f3nico Vino de Moringa 1 litro Aly"},"content":{"rendered":"<p><strong>Descripci\u00f3n:<\/strong><\/p>\n<p>Las caracter\u00edsticas de la\u00a0moringa\u00a0tienen dentro acci\u00f3n antioxidante, antiinflamatoria, analg\u00e9sica, antidiab\u00e9tica, vasodilatador, anticolin\u00e9rgico, antireum\u00e1tico y cicatrizante. Estre\u00f1imiento, la gastritis y la colitis ulcerosa tienen la oportunidad de tratarse a trav\u00e9s de los extractos de la\u00a0moringa.<\/p>\n<p><strong>Modo de uso:<\/strong><\/p>\n<p>Tomar 1 copita, 3 veces al d\u00eda.<\/p>\n<p><strong>Contenido:<\/strong><\/p>\n<p>1 litro.<\/p>\n","protected":false},"excerpt":{"rendered":"<p>Descripci\u00f3n: Las caracter\u00edsticas de la\u00a0moringa\u00a0tienen dentro acci\u00f3n antioxidante, antiinflamatoria, analg\u00e9sica, antidiab\u00e9tica, vasodilatador, anticolin\u00e9rgico, antireum\u00e1tico y cicatrizante. Estre\u00f1imiento, la gastritis y la colitis ulcerosa tienen la oportunidad de tratarse a trav\u00e9s [&hellip;]<\/p>\n","protected":false},"featured_media":2902,"comment_status":"open","ping_status":"closed","template":"","meta":[],"product_brand":[374],"product_cat":[337,318,323],"product_tag":[49],"class_list":{"0":"post-6319","1":"product","2":"type-product","3":"status-publish","4":"has-post-thumbnail","6":"product_brand-aly","7":"product_cat-productos","8":"product_cat-salud","9":"product_cat-salud-intestinal","10":"product_tag-moringa","12":"first","13":"instock","14":"shipping-taxable","15":"purchasable","16":"product-type-simple"},"_links":{"self":[{"href":"https:\/\/modest-napier.216-250-124-103.plesk.page\/index.php\/wp-json\/wp\/v2\/product\/6319","targetHints":{"allow":["GET"]}}],"collection":[{"href":"https:\/\/modest-napier.216-250-124-103.plesk.page\/index.php\/wp-json\/wp\/v2\/product"}],"about":[{"href":"https:\/\/modest-napier.216-250-124-103.plesk.page\/index.php\/wp-json\/wp\/v2\/types\/product"}],"replies":[{"embeddable":true,"href":"https:\/\/modest-napier.216-250-124-103.plesk.page\/index.php\/wp-json\/wp\/v2\/comments?post=6319"}],"wp:featuredmedia":[{"embeddable":true,"href":"https:\/\/modest-napier.216-250-124-103.plesk.page\/index.php\/wp-json\/wp\/v2\/media\/2902"}],"wp:attachment":[{"href":"https:\/\/modest-napier.216-250-124-103.plesk.page\/index.php\/wp-json\/wp\/v2\/media?parent=6319"}],"wp:term":[{"taxonomy":"product_brand","embeddable":true,"href":"https:\/\/modest-napier.216-250-124-103.plesk.page\/index.php\/wp-json\/wp\/v2\/product_brand?post=6319"},{"taxonomy":"product_cat","embeddable":true,"href":"https:\/\/modest-napier.216-250-124-103.plesk.page\/index.php\/wp-json\/wp\/v2\/product_cat?post=6319"},{"taxonomy":"product_tag","embeddable":true,"href":"https:\/\/modest-napier.216-250-124-103.plesk.page\/index.php\/wp-json\/wp\/v2\/product_tag?post=6319"}],"curies":[{"name":"wp","href":"https:\/\/api.w.org\/{rel}","templated":true}]}}