{"id":6320,"date":"2025-09-24T20:00:32","date_gmt":"2025-09-24T20:00:32","guid":{"rendered":"https:\/\/modest-napier.216-250-124-103.plesk.page\/index.php\/producto\/tonico-demoledor-de-piedras-1lt-aly\/"},"modified":"2025-09-24T20:46:58","modified_gmt":"2025-09-24T20:46:58","slug":"tonico-demoledor-piedras","status":"publish","type":"product","link":"https:\/\/modest-napier.216-250-124-103.plesk.page\/index.php\/producto\/tonico-demoledor-piedras\/","title":{"rendered":"T\u00f3nico Demoledor de Piedras 1 litro Aly"},"content":{"rendered":"<p>El <strong>t\u00f3nico demoledor de piedras<\/strong> de Aly elimina obstrucciones que pueden aparecer en el tracto urinario. Pero adem\u00e1s, sirve para: Reducir inflamaciones y espasmos. Aumentar la micci\u00f3n, especialmente recomendado para quienes padecen insuficiencia renal.<\/p>\n","protected":false},"excerpt":{"rendered":"<p>El t\u00f3nico demoledor de piedras de Aly elimina obstrucciones que pueden aparecer en el tracto urinario. Pero adem\u00e1s, sirve para: Reducir inflamaciones y espasmos. Aumentar la micci\u00f3n, especialmente recomendado para [&hellip;]<\/p>\n","protected":false},"featured_media":2904,"comment_status":"open","ping_status":"closed","template":"","meta":[],"product_brand":[374],"product_cat":[337,318],"product_tag":[],"class_list":{"0":"post-6320","1":"product","2":"type-product","3":"status-publish","4":"has-post-thumbnail","6":"product_brand-aly","7":"product_cat-productos","8":"product_cat-salud","10":"first","11":"instock","12":"shipping-taxable","13":"purchasable","14":"product-type-simple"},"_links":{"self":[{"href":"https:\/\/modest-napier.216-250-124-103.plesk.page\/index.php\/wp-json\/wp\/v2\/product\/6320","targetHints":{"allow":["GET"]}}],"collection":[{"href":"https:\/\/modest-napier.216-250-124-103.plesk.page\/index.php\/wp-json\/wp\/v2\/product"}],"about":[{"href":"https:\/\/modest-napier.216-250-124-103.plesk.page\/index.php\/wp-json\/wp\/v2\/types\/product"}],"replies":[{"embeddable":true,"href":"https:\/\/modest-napier.216-250-124-103.plesk.page\/index.php\/wp-json\/wp\/v2\/comments?post=6320"}],"wp:featuredmedia":[{"embeddable":true,"href":"https:\/\/modest-napier.216-250-124-103.plesk.page\/index.php\/wp-json\/wp\/v2\/media\/2904"}],"wp:attachment":[{"href":"https:\/\/modest-napier.216-250-124-103.plesk.page\/index.php\/wp-json\/wp\/v2\/media?parent=6320"}],"wp:term":[{"taxonomy":"product_brand","embeddable":true,"href":"https:\/\/modest-napier.216-250-124-103.plesk.page\/index.php\/wp-json\/wp\/v2\/product_brand?post=6320"},{"taxonomy":"product_cat","embeddable":true,"href":"https:\/\/modest-napier.216-250-124-103.plesk.page\/index.php\/wp-json\/wp\/v2\/product_cat?post=6320"},{"taxonomy":"product_tag","embeddable":true,"href":"https:\/\/modest-napier.216-250-124-103.plesk.page\/index.php\/wp-json\/wp\/v2\/product_tag?post=6320"}],"curies":[{"name":"wp","href":"https:\/\/api.w.org\/{rel}","templated":true}]}}