{"id":6321,"date":"2025-09-24T20:00:33","date_gmt":"2025-09-24T20:00:33","guid":{"rendered":"https:\/\/modest-napier.216-250-124-103.plesk.page\/index.php\/producto\/tonico-demoledor-de-piedras-c-1-lt-the-king\/"},"modified":"2025-09-24T20:43:34","modified_gmt":"2025-09-24T20:43:34","slug":"tonico-demoledor-de-piedras-the-king","status":"publish","type":"product","link":"https:\/\/modest-napier.216-250-124-103.plesk.page\/index.php\/producto\/tonico-demoledor-de-piedras-the-king\/","title":{"rendered":"T\u00f3nico Demoledor de Piedras The King"},"content":{"rendered":"<p><strong>Descripci\u00f3n:<\/strong><br \/>Previene y deshace c\u00e1lculos renales, previene ves\u00edcula biliar, ayuda al tratamiento contra infecciones urinarias, combate el acido \u00farico, favorece la eliminaci\u00f3n de la urea. Ayuda a Reducir inflamaciones y espasmos. Aumentar la micci\u00f3n.<\/p>\n<p><strong>Modo de uso:<\/strong><br \/>Tomar 10 ml antes de cada comida.<\/p>\n<p><strong>Contenido:<\/strong><br \/>1 litro.<\/p>\n","protected":false},"excerpt":{"rendered":"<p>Descripci\u00f3n:Previene y deshace c\u00e1lculos renales, previene ves\u00edcula biliar, ayuda al tratamiento contra infecciones urinarias, combate el acido \u00farico, favorece la eliminaci\u00f3n de la urea. Ayuda a Reducir inflamaciones y espasmos. [&hellip;]<\/p>\n","protected":false},"featured_media":2905,"comment_status":"open","ping_status":"closed","template":"","meta":[],"product_brand":[391],"product_cat":[337,318],"product_tag":[],"class_list":{"0":"post-6321","1":"product","2":"type-product","3":"status-publish","4":"has-post-thumbnail","6":"product_brand-the-king","7":"product_cat-productos","8":"product_cat-salud","10":"first","11":"instock","12":"shipping-taxable","13":"purchasable","14":"product-type-simple"},"_links":{"self":[{"href":"https:\/\/modest-napier.216-250-124-103.plesk.page\/index.php\/wp-json\/wp\/v2\/product\/6321","targetHints":{"allow":["GET"]}}],"collection":[{"href":"https:\/\/modest-napier.216-250-124-103.plesk.page\/index.php\/wp-json\/wp\/v2\/product"}],"about":[{"href":"https:\/\/modest-napier.216-250-124-103.plesk.page\/index.php\/wp-json\/wp\/v2\/types\/product"}],"replies":[{"embeddable":true,"href":"https:\/\/modest-napier.216-250-124-103.plesk.page\/index.php\/wp-json\/wp\/v2\/comments?post=6321"}],"wp:featuredmedia":[{"embeddable":true,"href":"https:\/\/modest-napier.216-250-124-103.plesk.page\/index.php\/wp-json\/wp\/v2\/media\/2905"}],"wp:attachment":[{"href":"https:\/\/modest-napier.216-250-124-103.plesk.page\/index.php\/wp-json\/wp\/v2\/media?parent=6321"}],"wp:term":[{"taxonomy":"product_brand","embeddable":true,"href":"https:\/\/modest-napier.216-250-124-103.plesk.page\/index.php\/wp-json\/wp\/v2\/product_brand?post=6321"},{"taxonomy":"product_cat","embeddable":true,"href":"https:\/\/modest-napier.216-250-124-103.plesk.page\/index.php\/wp-json\/wp\/v2\/product_cat?post=6321"},{"taxonomy":"product_tag","embeddable":true,"href":"https:\/\/modest-napier.216-250-124-103.plesk.page\/index.php\/wp-json\/wp\/v2\/product_tag?post=6321"}],"curies":[{"name":"wp","href":"https:\/\/api.w.org\/{rel}","templated":true}]}}