{"id":6322,"date":"2025-09-24T20:00:34","date_gmt":"2025-09-24T20:00:34","guid":{"rendered":"https:\/\/modest-napier.216-250-124-103.plesk.page\/index.php\/producto\/tonico-demoledor-de-tumores-1lt-aly\/"},"modified":"2025-09-24T20:44:59","modified_gmt":"2025-09-24T20:44:59","slug":"tonico-demoledor-tumores","status":"publish","type":"product","link":"https:\/\/modest-napier.216-250-124-103.plesk.page\/index.php\/producto\/tonico-demoledor-tumores\/","title":{"rendered":"T\u00f3nico Demoledor de Tumores 1 litro Aly"},"content":{"rendered":"<p><span>El\u00a0<strong>t\u00f3nico demoledor de tumores<\/strong> es una mezcla de plantas que entre sus principales caracter\u00edsticas\u00a0es funcionar como desintoxicador, y auxiliar en el tratamiento de tumores en senos, matriz, ovarios, pr\u00f3stata\u00a0y pulmones. c\u00e1ncer, diabetes, asma, bronquitis, infecciones, reumatismo, artritis, problemas del coraz\u00f3n, presi\u00f3n\u00a0alta, piedras en los ri\u00f1ones, piedras en la ves\u00edcula, colesterol, elimina toxinas, fortalece sus defensas. Conoce el <em>t\u00f3nico demoledor de tumores<\/em>.<\/span><strong><\/strong><\/p>\n","protected":false},"excerpt":{"rendered":"<p>El\u00a0t\u00f3nico demoledor de tumores es una mezcla de plantas que entre sus principales caracter\u00edsticas\u00a0es funcionar como desintoxicador, y auxiliar en el tratamiento de tumores en senos, matriz, ovarios, pr\u00f3stata\u00a0y pulmones. [&hellip;]<\/p>\n","protected":false},"featured_media":2906,"comment_status":"open","ping_status":"closed","template":"","meta":[],"product_brand":[374],"product_cat":[308,337,318],"product_tag":[],"class_list":{"0":"post-6322","1":"product","2":"type-product","3":"status-publish","4":"has-post-thumbnail","6":"product_brand-aly","7":"product_cat-nutricion","8":"product_cat-productos","9":"product_cat-salud","11":"first","12":"instock","13":"shipping-taxable","14":"purchasable","15":"product-type-simple"},"_links":{"self":[{"href":"https:\/\/modest-napier.216-250-124-103.plesk.page\/index.php\/wp-json\/wp\/v2\/product\/6322","targetHints":{"allow":["GET"]}}],"collection":[{"href":"https:\/\/modest-napier.216-250-124-103.plesk.page\/index.php\/wp-json\/wp\/v2\/product"}],"about":[{"href":"https:\/\/modest-napier.216-250-124-103.plesk.page\/index.php\/wp-json\/wp\/v2\/types\/product"}],"replies":[{"embeddable":true,"href":"https:\/\/modest-napier.216-250-124-103.plesk.page\/index.php\/wp-json\/wp\/v2\/comments?post=6322"}],"wp:featuredmedia":[{"embeddable":true,"href":"https:\/\/modest-napier.216-250-124-103.plesk.page\/index.php\/wp-json\/wp\/v2\/media\/2906"}],"wp:attachment":[{"href":"https:\/\/modest-napier.216-250-124-103.plesk.page\/index.php\/wp-json\/wp\/v2\/media?parent=6322"}],"wp:term":[{"taxonomy":"product_brand","embeddable":true,"href":"https:\/\/modest-napier.216-250-124-103.plesk.page\/index.php\/wp-json\/wp\/v2\/product_brand?post=6322"},{"taxonomy":"product_cat","embeddable":true,"href":"https:\/\/modest-napier.216-250-124-103.plesk.page\/index.php\/wp-json\/wp\/v2\/product_cat?post=6322"},{"taxonomy":"product_tag","embeddable":true,"href":"https:\/\/modest-napier.216-250-124-103.plesk.page\/index.php\/wp-json\/wp\/v2\/product_tag?post=6322"}],"curies":[{"name":"wp","href":"https:\/\/api.w.org\/{rel}","templated":true}]}}