{"id":6323,"date":"2025-09-24T20:00:35","date_gmt":"2025-09-24T20:00:35","guid":{"rendered":"https:\/\/modest-napier.216-250-124-103.plesk.page\/index.php\/producto\/tonico-el-demoledor-de-piedras-reforzado-con-cola-de-caballo-c-1-lt-tara-naturista\/"},"modified":"2025-09-24T20:43:52","modified_gmt":"2025-09-24T20:43:52","slug":"tonico-el-demoledor-de-piedras-reforzado-con-cola-de-caballo-c-1-lt-tara-naturista","status":"publish","type":"product","link":"https:\/\/modest-napier.216-250-124-103.plesk.page\/index.php\/producto\/tonico-el-demoledor-de-piedras-reforzado-con-cola-de-caballo-c-1-lt-tara-naturista\/","title":{"rendered":"T\u00f3nico El Demoledor de Piedras 1 litro"},"content":{"rendered":"<p><strong>Descripci\u00f3n: <\/strong><\/p>\n<p>Previene y deshace c\u00e1lculos renales, previene ves\u00edcula biliar, ayuda al tratamiento contra infecciones urinarias, combate el acido \u00farico, favorece la eliminaci\u00f3n de la urea.<\/p>\n<p><strong>Modo de uso: <\/strong><\/p>\n<p>Tomar una copita 3 veces al dia antes de los alimentos.<\/p>\n<p><strong>Contenido:<\/strong><\/p>\n<p>1 litro.<\/p>\n","protected":false},"excerpt":{"rendered":"<p>Descripci\u00f3n: Previene y deshace c\u00e1lculos renales, previene ves\u00edcula biliar, ayuda al tratamiento contra infecciones urinarias, combate el acido \u00farico, favorece la eliminaci\u00f3n de la urea. Modo de uso: Tomar una [&hellip;]<\/p>\n","protected":false},"featured_media":2908,"comment_status":"open","ping_status":"closed","template":"","meta":[],"product_brand":[473],"product_cat":[310,337,318],"product_tag":[144],"class_list":{"0":"post-6323","1":"product","2":"type-product","3":"status-publish","4":"has-post-thumbnail","6":"product_brand-tara-naturista","7":"product_cat-padecimientos-cronicos","8":"product_cat-productos","9":"product_cat-salud","10":"product_tag-cola-de-caballo","12":"first","13":"instock","14":"shipping-taxable","15":"purchasable","16":"product-type-simple"},"_links":{"self":[{"href":"https:\/\/modest-napier.216-250-124-103.plesk.page\/index.php\/wp-json\/wp\/v2\/product\/6323","targetHints":{"allow":["GET"]}}],"collection":[{"href":"https:\/\/modest-napier.216-250-124-103.plesk.page\/index.php\/wp-json\/wp\/v2\/product"}],"about":[{"href":"https:\/\/modest-napier.216-250-124-103.plesk.page\/index.php\/wp-json\/wp\/v2\/types\/product"}],"replies":[{"embeddable":true,"href":"https:\/\/modest-napier.216-250-124-103.plesk.page\/index.php\/wp-json\/wp\/v2\/comments?post=6323"}],"wp:featuredmedia":[{"embeddable":true,"href":"https:\/\/modest-napier.216-250-124-103.plesk.page\/index.php\/wp-json\/wp\/v2\/media\/2908"}],"wp:attachment":[{"href":"https:\/\/modest-napier.216-250-124-103.plesk.page\/index.php\/wp-json\/wp\/v2\/media?parent=6323"}],"wp:term":[{"taxonomy":"product_brand","embeddable":true,"href":"https:\/\/modest-napier.216-250-124-103.plesk.page\/index.php\/wp-json\/wp\/v2\/product_brand?post=6323"},{"taxonomy":"product_cat","embeddable":true,"href":"https:\/\/modest-napier.216-250-124-103.plesk.page\/index.php\/wp-json\/wp\/v2\/product_cat?post=6323"},{"taxonomy":"product_tag","embeddable":true,"href":"https:\/\/modest-napier.216-250-124-103.plesk.page\/index.php\/wp-json\/wp\/v2\/product_tag?post=6323"}],"curies":[{"name":"wp","href":"https:\/\/api.w.org\/{rel}","templated":true}]}}