{"id":6328,"date":"2025-09-24T20:00:42","date_gmt":"2025-09-24T20:00:42","guid":{"rendered":"https:\/\/modest-napier.216-250-124-103.plesk.page\/index.php\/producto\/tonico-minoxidil-10-forte-hemp-c-120-ml-shanaturals\/"},"modified":"2025-09-24T20:43:59","modified_gmt":"2025-09-24T20:43:59","slug":"tonico-minoxidil-10-forte-hemp-c-120-ml-shanaturals","status":"publish","type":"product","link":"https:\/\/modest-napier.216-250-124-103.plesk.page\/index.php\/producto\/tonico-minoxidil-10-forte-hemp-c-120-ml-shanaturals\/","title":{"rendered":"Tonico Minidoxil 10% Forte Hemp C\/120 ml Shanatural&#8217;s."},"content":{"rendered":"<p><strong>Descripci\u00f3n:\u00a0<\/strong><\/p>\n<p>Para la activaci\u00f3n del fol\u00edculo capilar anti-ca\u00edda contiende Bergamota, Biotina, Hemp y <a href=\"https:\/\/natuzem.com\/blogs\/salud-natural\/minoxidil-crecimiento-capilar\">minoxidil <\/a>al 10%. Estimula y ayuda al crecimiento del cabello.\u00a0<\/p>\n<p><strong> Modo de uso:\u00a0<\/strong><\/p>\n<p>Aplicar sobre el cabello o barba limpio, dar un ligero masaje para distribuir el producto y dejar actuar.<\/p>\n<p><strong>Contenido:\u00a0<\/strong><\/p>\n<p>120 ml.<\/p>\n","protected":false},"excerpt":{"rendered":"<p>Descripci\u00f3n:\u00a0 Para la activaci\u00f3n del fol\u00edculo capilar anti-ca\u00edda contiende Bergamota, Biotina, Hemp y minoxidil al 10%. Estimula y ayuda al crecimiento del cabello.\u00a0 Modo de uso:\u00a0 Aplicar sobre el cabello [&hellip;]<\/p>\n","protected":false},"featured_media":2913,"comment_status":"open","ping_status":"closed","template":"","meta":[],"product_brand":[362],"product_cat":[289,294,337,318],"product_tag":[224,68],"class_list":{"0":"post-6328","1":"product","2":"type-product","3":"status-publish","4":"has-post-thumbnail","6":"product_brand-shanaturals","7":"product_cat-belleza","8":"product_cat-cuidado-de-la-barba","9":"product_cat-productos","10":"product_cat-salud","11":"product_tag-hemp","12":"product_tag-minoxidil","14":"first","15":"instock","16":"shipping-taxable","17":"purchasable","18":"product-type-simple"},"_links":{"self":[{"href":"https:\/\/modest-napier.216-250-124-103.plesk.page\/index.php\/wp-json\/wp\/v2\/product\/6328","targetHints":{"allow":["GET"]}}],"collection":[{"href":"https:\/\/modest-napier.216-250-124-103.plesk.page\/index.php\/wp-json\/wp\/v2\/product"}],"about":[{"href":"https:\/\/modest-napier.216-250-124-103.plesk.page\/index.php\/wp-json\/wp\/v2\/types\/product"}],"replies":[{"embeddable":true,"href":"https:\/\/modest-napier.216-250-124-103.plesk.page\/index.php\/wp-json\/wp\/v2\/comments?post=6328"}],"wp:featuredmedia":[{"embeddable":true,"href":"https:\/\/modest-napier.216-250-124-103.plesk.page\/index.php\/wp-json\/wp\/v2\/media\/2913"}],"wp:attachment":[{"href":"https:\/\/modest-napier.216-250-124-103.plesk.page\/index.php\/wp-json\/wp\/v2\/media?parent=6328"}],"wp:term":[{"taxonomy":"product_brand","embeddable":true,"href":"https:\/\/modest-napier.216-250-124-103.plesk.page\/index.php\/wp-json\/wp\/v2\/product_brand?post=6328"},{"taxonomy":"product_cat","embeddable":true,"href":"https:\/\/modest-napier.216-250-124-103.plesk.page\/index.php\/wp-json\/wp\/v2\/product_cat?post=6328"},{"taxonomy":"product_tag","embeddable":true,"href":"https:\/\/modest-napier.216-250-124-103.plesk.page\/index.php\/wp-json\/wp\/v2\/product_tag?post=6328"}],"curies":[{"name":"wp","href":"https:\/\/api.w.org\/{rel}","templated":true}]}}