{"id":6329,"date":"2025-09-24T20:00:44","date_gmt":"2025-09-24T20:00:44","guid":{"rendered":"https:\/\/modest-napier.216-250-124-103.plesk.page\/index.php\/producto\/tonico-munity-c-1-lt-munity-protec\/"},"modified":"2025-09-24T20:44:43","modified_gmt":"2025-09-24T20:44:43","slug":"tonico-munity-c-1-lt-munity-protec","status":"publish","type":"product","link":"https:\/\/modest-napier.216-250-124-103.plesk.page\/index.php\/producto\/tonico-munity-c-1-lt-munity-protec\/","title":{"rendered":"T\u00f3nico Munity 1 litro Munity Protec"},"content":{"rendered":"<p><strong>Descripci\u00f3n:<\/strong><\/p>\n<p>Fortalece y regula el sistema inmunol\u00f3gico ayudando a contrarrestar enfermedades y alergias, anticancer\u00edgeno ya que disminuye el deterioro celular. Es abundante en antioxidantes.<\/p>\n<p><strong>Modo de uso:<\/strong><\/p>\n<p>Preventivo: tomar 40 ml. en el desayuno.<br \/>\nCorrectivo: tomar 40 ml. en el desayuno y 40 ml. en la comida.<br \/>\nIntensivo: tomar 40 ml. en el desayuno, 40 ml en la comida y 40 ml. en la cena.<\/p>\n<p><strong>Contenido:<\/strong><\/p>\n<p>1 litro.<\/p>\n","protected":false},"excerpt":{"rendered":"<p>Descripci\u00f3n: Fortalece y regula el sistema inmunol\u00f3gico ayudando a contrarrestar enfermedades y alergias, anticancer\u00edgeno ya que disminuye el deterioro celular. Es abundante en antioxidantes. Modo de uso: Preventivo: tomar 40 [&hellip;]<\/p>\n","protected":false},"featured_media":2914,"comment_status":"open","ping_status":"closed","template":"","meta":[],"product_brand":[522],"product_cat":[308,337,318],"product_tag":[],"class_list":{"0":"post-6329","1":"product","2":"type-product","3":"status-publish","4":"has-post-thumbnail","6":"product_brand-munity-protec","7":"product_cat-nutricion","8":"product_cat-productos","9":"product_cat-salud","11":"first","12":"outofstock","13":"shipping-taxable","14":"purchasable","15":"product-type-simple"},"_links":{"self":[{"href":"https:\/\/modest-napier.216-250-124-103.plesk.page\/index.php\/wp-json\/wp\/v2\/product\/6329","targetHints":{"allow":["GET"]}}],"collection":[{"href":"https:\/\/modest-napier.216-250-124-103.plesk.page\/index.php\/wp-json\/wp\/v2\/product"}],"about":[{"href":"https:\/\/modest-napier.216-250-124-103.plesk.page\/index.php\/wp-json\/wp\/v2\/types\/product"}],"replies":[{"embeddable":true,"href":"https:\/\/modest-napier.216-250-124-103.plesk.page\/index.php\/wp-json\/wp\/v2\/comments?post=6329"}],"wp:featuredmedia":[{"embeddable":true,"href":"https:\/\/modest-napier.216-250-124-103.plesk.page\/index.php\/wp-json\/wp\/v2\/media\/2914"}],"wp:attachment":[{"href":"https:\/\/modest-napier.216-250-124-103.plesk.page\/index.php\/wp-json\/wp\/v2\/media?parent=6329"}],"wp:term":[{"taxonomy":"product_brand","embeddable":true,"href":"https:\/\/modest-napier.216-250-124-103.plesk.page\/index.php\/wp-json\/wp\/v2\/product_brand?post=6329"},{"taxonomy":"product_cat","embeddable":true,"href":"https:\/\/modest-napier.216-250-124-103.plesk.page\/index.php\/wp-json\/wp\/v2\/product_cat?post=6329"},{"taxonomy":"product_tag","embeddable":true,"href":"https:\/\/modest-napier.216-250-124-103.plesk.page\/index.php\/wp-json\/wp\/v2\/product_tag?post=6329"}],"curies":[{"name":"wp","href":"https:\/\/api.w.org\/{rel}","templated":true}]}}