{"id":6333,"date":"2025-09-24T20:00:49","date_gmt":"2025-09-24T20:00:49","guid":{"rendered":"https:\/\/modest-napier.216-250-124-103.plesk.page\/index.php\/producto\/tonico-super-jugo-noni-c-500ml-the-king\/"},"modified":"2025-09-24T20:43:51","modified_gmt":"2025-09-24T20:43:51","slug":"tonico-super-jugo-noni","status":"publish","type":"product","link":"https:\/\/modest-napier.216-250-124-103.plesk.page\/index.php\/producto\/tonico-super-jugo-noni\/","title":{"rendered":"T\u00f3nico Super Jugo Noni 500 ml The King"},"content":{"rendered":"<p><strong>Descripci\u00f3n:<\/strong><br \/>Ayuda al control de diabetes, hipertensi\u00f3n, afecciones hep\u00e1ticas, anemias, nerviosismo, insomnio, cansancio, dolor de cabeza, dolores musculares, dolor de h\u00edgado y ri\u00f1ones.<\/p>\n<p><strong>Modo de uso:<\/strong><br \/>Ni\u00f1os mayores de 2 a\u00f1os: 1 cucharadita al d\u00eda. Adultos: 1 cucharada 3 veces al d\u00eda.<\/p>\n<p><strong>Contenido:<\/strong><br \/> 500 ml.<\/p>\n","protected":false},"excerpt":{"rendered":"<p>Descripci\u00f3n:Ayuda al control de diabetes, hipertensi\u00f3n, afecciones hep\u00e1ticas, anemias, nerviosismo, insomnio, cansancio, dolor de cabeza, dolores musculares, dolor de h\u00edgado y ri\u00f1ones. Modo de uso:Ni\u00f1os mayores de 2 a\u00f1os: 1 [&hellip;]<\/p>\n","protected":false},"featured_media":2919,"comment_status":"open","ping_status":"closed","template":"","meta":[],"product_brand":[391],"product_cat":[337,318],"product_tag":[],"class_list":{"0":"post-6333","1":"product","2":"type-product","3":"status-publish","4":"has-post-thumbnail","6":"product_brand-the-king","7":"product_cat-productos","8":"product_cat-salud","10":"first","11":"instock","12":"shipping-taxable","13":"purchasable","14":"product-type-simple"},"_links":{"self":[{"href":"https:\/\/modest-napier.216-250-124-103.plesk.page\/index.php\/wp-json\/wp\/v2\/product\/6333","targetHints":{"allow":["GET"]}}],"collection":[{"href":"https:\/\/modest-napier.216-250-124-103.plesk.page\/index.php\/wp-json\/wp\/v2\/product"}],"about":[{"href":"https:\/\/modest-napier.216-250-124-103.plesk.page\/index.php\/wp-json\/wp\/v2\/types\/product"}],"replies":[{"embeddable":true,"href":"https:\/\/modest-napier.216-250-124-103.plesk.page\/index.php\/wp-json\/wp\/v2\/comments?post=6333"}],"wp:featuredmedia":[{"embeddable":true,"href":"https:\/\/modest-napier.216-250-124-103.plesk.page\/index.php\/wp-json\/wp\/v2\/media\/2919"}],"wp:attachment":[{"href":"https:\/\/modest-napier.216-250-124-103.plesk.page\/index.php\/wp-json\/wp\/v2\/media?parent=6333"}],"wp:term":[{"taxonomy":"product_brand","embeddable":true,"href":"https:\/\/modest-napier.216-250-124-103.plesk.page\/index.php\/wp-json\/wp\/v2\/product_brand?post=6333"},{"taxonomy":"product_cat","embeddable":true,"href":"https:\/\/modest-napier.216-250-124-103.plesk.page\/index.php\/wp-json\/wp\/v2\/product_cat?post=6333"},{"taxonomy":"product_tag","embeddable":true,"href":"https:\/\/modest-napier.216-250-124-103.plesk.page\/index.php\/wp-json\/wp\/v2\/product_tag?post=6333"}],"curies":[{"name":"wp","href":"https:\/\/api.w.org\/{rel}","templated":true}]}}