{"id":6334,"date":"2025-09-24T20:00:50","date_gmt":"2025-09-24T20:00:50","guid":{"rendered":"https:\/\/modest-napier.216-250-124-103.plesk.page\/index.php\/producto\/tonico-vidrio-del-indio-c-750-ml-for-naturistas\/"},"modified":"2025-09-24T20:46:10","modified_gmt":"2025-09-24T20:46:10","slug":"tonico-vidrio-del-indio-c-750-ml-for-naturistas","status":"publish","type":"product","link":"https:\/\/modest-napier.216-250-124-103.plesk.page\/index.php\/producto\/tonico-vidrio-del-indio-c-750-ml-for-naturistas\/","title":{"rendered":"T\u00f3nico Reconstituyente Natural del Indio 750 ml"},"content":{"rendered":"<p><strong>Descripci\u00f3n:<\/strong><\/p>\n<p>Este <strong>T\u00f3nico Reconstituyente Natural del Indio<\/strong> es un compa\u00f1ero confiable para aquellos que buscan una digesti\u00f3n sin problemas. Su f\u00f3rmula combina ingredientes naturales, como Medicago sativa y Calea zacatechichi, para ayudar a aliviar una serie de trastornos digestivos comunes. Si experimentas pesadez estomacal, formaci\u00f3n de gases o flatulencias, este t\u00f3nico puede ser tu soluci\u00f3n. Adem\u00e1s, brinda alivio a las inflamaciones gastrointestinales, como la gastroenteritis y la gastritis, al mismo tiempo que ejerce un efecto protector sobre la mucosa intestinal.<\/p>\n<p>El <em>T\u00f3nico Reconstituyente Natural del Indio<\/em> es una opci\u00f3n natural y efectiva para abordar tus problemas digestivos y mejorar tu bienestar gastrointestinal.<\/p>\n<p><!--\n\n<p>Auxiliar para combatir los trastornos digestivos<\/p>\n\n\n\n\n<p>Permite aliviar la pesadez estomacal, la formaci\u00f3n de gases y las flatulencias. Alivia las inflamaciones gastrointestinales en gastroenteritis y gastritis, y ejerce un efecto protector sobre la mucosa intestinal.<\/p>\n\n--><\/p>\n<p><strong>Modo de uso:<\/strong><\/p>\n<p>T\u00f3mese 2 cucharadas antes de los alimentos 3 veces al d\u00eda.<\/p>\n<p><strong>Contenido:<\/strong><\/p>\n<p>750 ml.<\/p>\n","protected":false},"excerpt":{"rendered":"<p>Descripci\u00f3n: Este T\u00f3nico Reconstituyente Natural del Indio es un compa\u00f1ero confiable para aquellos que buscan una digesti\u00f3n sin problemas. Su f\u00f3rmula combina ingredientes naturales, como Medicago sativa y Calea zacatechichi, [&hellip;]<\/p>\n","protected":false},"featured_media":2921,"comment_status":"open","ping_status":"closed","template":"","meta":[],"product_brand":[585],"product_cat":[337,318],"product_tag":[],"class_list":{"0":"post-6334","1":"product","2":"type-product","3":"status-publish","4":"has-post-thumbnail","6":"product_brand-for-naturistas","7":"product_cat-productos","8":"product_cat-salud","10":"first","11":"outofstock","12":"shipping-taxable","13":"purchasable","14":"product-type-simple"},"_links":{"self":[{"href":"https:\/\/modest-napier.216-250-124-103.plesk.page\/index.php\/wp-json\/wp\/v2\/product\/6334","targetHints":{"allow":["GET"]}}],"collection":[{"href":"https:\/\/modest-napier.216-250-124-103.plesk.page\/index.php\/wp-json\/wp\/v2\/product"}],"about":[{"href":"https:\/\/modest-napier.216-250-124-103.plesk.page\/index.php\/wp-json\/wp\/v2\/types\/product"}],"replies":[{"embeddable":true,"href":"https:\/\/modest-napier.216-250-124-103.plesk.page\/index.php\/wp-json\/wp\/v2\/comments?post=6334"}],"wp:featuredmedia":[{"embeddable":true,"href":"https:\/\/modest-napier.216-250-124-103.plesk.page\/index.php\/wp-json\/wp\/v2\/media\/2921"}],"wp:attachment":[{"href":"https:\/\/modest-napier.216-250-124-103.plesk.page\/index.php\/wp-json\/wp\/v2\/media?parent=6334"}],"wp:term":[{"taxonomy":"product_brand","embeddable":true,"href":"https:\/\/modest-napier.216-250-124-103.plesk.page\/index.php\/wp-json\/wp\/v2\/product_brand?post=6334"},{"taxonomy":"product_cat","embeddable":true,"href":"https:\/\/modest-napier.216-250-124-103.plesk.page\/index.php\/wp-json\/wp\/v2\/product_cat?post=6334"},{"taxonomy":"product_tag","embeddable":true,"href":"https:\/\/modest-napier.216-250-124-103.plesk.page\/index.php\/wp-json\/wp\/v2\/product_tag?post=6334"}],"curies":[{"name":"wp","href":"https:\/\/api.w.org\/{rel}","templated":true}]}}