{"id":6335,"date":"2025-09-24T20:00:53","date_gmt":"2025-09-24T20:00:53","guid":{"rendered":"https:\/\/modest-napier.216-250-124-103.plesk.page\/index.php\/producto\/tonico-wereke-moringa-reforzado-con-xoconostle-c-1-lt-tara-naturista\/"},"modified":"2025-09-24T20:43:53","modified_gmt":"2025-09-24T20:43:53","slug":"tonico-wereke-moringa-reforzado-con-xoconostle-c-1-lt-tara-naturista","status":"publish","type":"product","link":"https:\/\/modest-napier.216-250-124-103.plesk.page\/index.php\/producto\/tonico-wereke-moringa-reforzado-con-xoconostle-c-1-lt-tara-naturista\/","title":{"rendered":"T\u00f3nico Wereke Moringa con Xoconostle 1 litro"},"content":{"rendered":"<p><strong>Descripci\u00f3n:<\/strong><\/p>\n<p>Eficaz contra la diabetes, ayuda a bajar los niveles de az\u00facar en la sangre y a combatir los s\u00edntomas ocasionados por la misma enfermedad.<\/p>\n<p><strong>Modo de uso:<\/strong><\/p>\n<p>Tomar una copita antes de cada alimento por tres d\u00edas, despu\u00e9s una copita solo en ayunas todos los d\u00edas.<\/p>\n<p><strong>Contenido: <\/strong><\/p>\n<p>1 lt.<\/p>\n","protected":false},"excerpt":{"rendered":"<p>Descripci\u00f3n: Eficaz contra la diabetes, ayuda a bajar los niveles de az\u00facar en la sangre y a combatir los s\u00edntomas ocasionados por la misma enfermedad. Modo de uso: Tomar una [&hellip;]<\/p>\n","protected":false},"featured_media":2923,"comment_status":"open","ping_status":"closed","template":"","meta":[],"product_brand":[473],"product_cat":[337,318],"product_tag":[49,160,279],"class_list":{"0":"post-6335","1":"product","2":"type-product","3":"status-publish","4":"has-post-thumbnail","6":"product_brand-tara-naturista","7":"product_cat-productos","8":"product_cat-salud","9":"product_tag-moringa","10":"product_tag-wereke","11":"product_tag-xoconostle","13":"first","14":"instock","15":"shipping-taxable","16":"purchasable","17":"product-type-simple"},"_links":{"self":[{"href":"https:\/\/modest-napier.216-250-124-103.plesk.page\/index.php\/wp-json\/wp\/v2\/product\/6335","targetHints":{"allow":["GET"]}}],"collection":[{"href":"https:\/\/modest-napier.216-250-124-103.plesk.page\/index.php\/wp-json\/wp\/v2\/product"}],"about":[{"href":"https:\/\/modest-napier.216-250-124-103.plesk.page\/index.php\/wp-json\/wp\/v2\/types\/product"}],"replies":[{"embeddable":true,"href":"https:\/\/modest-napier.216-250-124-103.plesk.page\/index.php\/wp-json\/wp\/v2\/comments?post=6335"}],"wp:featuredmedia":[{"embeddable":true,"href":"https:\/\/modest-napier.216-250-124-103.plesk.page\/index.php\/wp-json\/wp\/v2\/media\/2923"}],"wp:attachment":[{"href":"https:\/\/modest-napier.216-250-124-103.plesk.page\/index.php\/wp-json\/wp\/v2\/media?parent=6335"}],"wp:term":[{"taxonomy":"product_brand","embeddable":true,"href":"https:\/\/modest-napier.216-250-124-103.plesk.page\/index.php\/wp-json\/wp\/v2\/product_brand?post=6335"},{"taxonomy":"product_cat","embeddable":true,"href":"https:\/\/modest-napier.216-250-124-103.plesk.page\/index.php\/wp-json\/wp\/v2\/product_cat?post=6335"},{"taxonomy":"product_tag","embeddable":true,"href":"https:\/\/modest-napier.216-250-124-103.plesk.page\/index.php\/wp-json\/wp\/v2\/product_tag?post=6335"}],"curies":[{"name":"wp","href":"https:\/\/api.w.org\/{rel}","templated":true}]}}