{"id":6341,"date":"2025-09-24T20:01:01","date_gmt":"2025-09-24T20:01:01","guid":{"rendered":"https:\/\/modest-napier.216-250-124-103.plesk.page\/index.php\/producto\/vinagre-de-sidra-de-manzana-100-organico-c-250-ml-pomita\/"},"modified":"2025-09-24T20:44:02","modified_gmt":"2025-09-24T20:44:02","slug":"vinagre-de-sidra-de-manzana-100-organico-c-250-ml-pomita","status":"publish","type":"product","link":"https:\/\/modest-napier.216-250-124-103.plesk.page\/index.php\/producto\/vinagre-de-sidra-de-manzana-100-organico-c-250-ml-pomita\/","title":{"rendered":"Vinagre de Sidra de Manzana 250 ml Pomita"},"content":{"rendered":"<p><strong>Descripci\u00f3n:<\/strong><\/p>\n<p>El <strong>vinagre de sidra de manzana 100% org\u00e1nico<\/strong> ayuda a bajar niveles de glucosa. Baja de peso al reducir grasa abdominal. Baja colesterol, por lo que previene problemas card\u00edacos. Ataca algunas bacterias da\u00f1inas para el intestino. Ayuda a controlar problemas digestivos como flatulencias, inflamaci\u00f3n, acidez y ardor estomacal.<\/p>\n<p><strong>Modo de uso:<\/strong><\/p>\n<p>De 1 a 2 cucharadas al d\u00eda.<\/p>\n<p><strong>Contenido:<\/strong><\/p>\n<p>250 ml.<\/p>\n","protected":false},"excerpt":{"rendered":"<p>Descripci\u00f3n: El vinagre de sidra de manzana 100% org\u00e1nico ayuda a bajar niveles de glucosa. Baja de peso al reducir grasa abdominal. Baja colesterol, por lo que previene problemas card\u00edacos. [&hellip;]<\/p>\n","protected":false},"featured_media":2929,"comment_status":"open","ping_status":"closed","template":"","meta":[],"product_brand":[489],"product_cat":[284,308,337,318],"product_tag":[165],"class_list":{"0":"post-6341","1":"product","2":"type-product","3":"status-publish","4":"has-post-thumbnail","6":"product_brand-pomita","7":"product_cat-aceites-y-vinagres","8":"product_cat-nutricion","9":"product_cat-productos","10":"product_cat-salud","11":"product_tag-vinagre-de-manzana","13":"first","14":"instock","15":"shipping-taxable","16":"purchasable","17":"product-type-simple"},"_links":{"self":[{"href":"https:\/\/modest-napier.216-250-124-103.plesk.page\/index.php\/wp-json\/wp\/v2\/product\/6341","targetHints":{"allow":["GET"]}}],"collection":[{"href":"https:\/\/modest-napier.216-250-124-103.plesk.page\/index.php\/wp-json\/wp\/v2\/product"}],"about":[{"href":"https:\/\/modest-napier.216-250-124-103.plesk.page\/index.php\/wp-json\/wp\/v2\/types\/product"}],"replies":[{"embeddable":true,"href":"https:\/\/modest-napier.216-250-124-103.plesk.page\/index.php\/wp-json\/wp\/v2\/comments?post=6341"}],"wp:featuredmedia":[{"embeddable":true,"href":"https:\/\/modest-napier.216-250-124-103.plesk.page\/index.php\/wp-json\/wp\/v2\/media\/2929"}],"wp:attachment":[{"href":"https:\/\/modest-napier.216-250-124-103.plesk.page\/index.php\/wp-json\/wp\/v2\/media?parent=6341"}],"wp:term":[{"taxonomy":"product_brand","embeddable":true,"href":"https:\/\/modest-napier.216-250-124-103.plesk.page\/index.php\/wp-json\/wp\/v2\/product_brand?post=6341"},{"taxonomy":"product_cat","embeddable":true,"href":"https:\/\/modest-napier.216-250-124-103.plesk.page\/index.php\/wp-json\/wp\/v2\/product_cat?post=6341"},{"taxonomy":"product_tag","embeddable":true,"href":"https:\/\/modest-napier.216-250-124-103.plesk.page\/index.php\/wp-json\/wp\/v2\/product_tag?post=6341"}],"curies":[{"name":"wp","href":"https:\/\/api.w.org\/{rel}","templated":true}]}}