{"id":7854,"date":"2025-10-21T13:30:30","date_gmt":"2025-10-21T13:30:30","guid":{"rendered":"https:\/\/modest-napier.216-250-124-103.plesk.page\/index.php\/producto\/aceite-de-oregano-30ml\/"},"modified":"2025-10-21T13:30:32","modified_gmt":"2025-10-21T13:30:32","slug":"aceite-de-oregano-30ml","status":"publish","type":"product","link":"https:\/\/modest-napier.216-250-124-103.plesk.page\/index.php\/producto\/aceite-de-oregano-30ml\/","title":{"rendered":"Aceite de Or\u00e9gano 30ml"},"content":{"rendered":"<p>El <strong>aceite de or\u00e9gano<\/strong> es un potente extracto natural con propiedades antivirales, antibacterianas y antif\u00fangicas. Refuerza el sistema inmune, combate infecciones y apoya la desintoxicaci\u00f3n intestinal. Ideal para uso interno y t\u00f3pico.<strong><\/strong><\/p>\n","protected":false},"excerpt":{"rendered":"<p>El aceite de or\u00e9gano es un potente extracto natural con propiedades antivirales, antibacterianas y antif\u00fangicas. Refuerza el sistema inmune, combate infecciones y apoya la desintoxicaci\u00f3n intestinal. Ideal para uso interno [&hellip;]<\/p>\n","protected":false},"featured_media":7855,"comment_status":"open","ping_status":"closed","template":"","meta":[],"product_brand":[],"product_cat":[],"product_tag":[635,52,636],"class_list":{"0":"post-7854","1":"product","2":"type-product","3":"status-publish","4":"has-post-thumbnail","6":"product_tag-naturals-by-marien","7":"product_tag-oregano","8":"product_tag-shopify-collective","10":"first","11":"outofstock","12":"shipping-taxable","13":"purchasable","14":"product-type-simple"},"_links":{"self":[{"href":"https:\/\/modest-napier.216-250-124-103.plesk.page\/index.php\/wp-json\/wp\/v2\/product\/7854","targetHints":{"allow":["GET"]}}],"collection":[{"href":"https:\/\/modest-napier.216-250-124-103.plesk.page\/index.php\/wp-json\/wp\/v2\/product"}],"about":[{"href":"https:\/\/modest-napier.216-250-124-103.plesk.page\/index.php\/wp-json\/wp\/v2\/types\/product"}],"replies":[{"embeddable":true,"href":"https:\/\/modest-napier.216-250-124-103.plesk.page\/index.php\/wp-json\/wp\/v2\/comments?post=7854"}],"wp:featuredmedia":[{"embeddable":true,"href":"https:\/\/modest-napier.216-250-124-103.plesk.page\/index.php\/wp-json\/wp\/v2\/media\/7855"}],"wp:attachment":[{"href":"https:\/\/modest-napier.216-250-124-103.plesk.page\/index.php\/wp-json\/wp\/v2\/media?parent=7854"}],"wp:term":[{"taxonomy":"product_brand","embeddable":true,"href":"https:\/\/modest-napier.216-250-124-103.plesk.page\/index.php\/wp-json\/wp\/v2\/product_brand?post=7854"},{"taxonomy":"product_cat","embeddable":true,"href":"https:\/\/modest-napier.216-250-124-103.plesk.page\/index.php\/wp-json\/wp\/v2\/product_cat?post=7854"},{"taxonomy":"product_tag","embeddable":true,"href":"https:\/\/modest-napier.216-250-124-103.plesk.page\/index.php\/wp-json\/wp\/v2\/product_tag?post=7854"}],"curies":[{"name":"wp","href":"https:\/\/api.w.org\/{rel}","templated":true}]}}