{"id":7866,"date":"2025-10-21T13:30:51","date_gmt":"2025-10-21T13:30:51","guid":{"rendered":"https:\/\/modest-napier.216-250-124-103.plesk.page\/index.php\/producto\/ashwagandha-con-pimienta-negra-60-caps\/"},"modified":"2025-10-21T13:30:52","modified_gmt":"2025-10-21T13:30:52","slug":"ashwagandha-con-pimienta-negra-60-caps","status":"publish","type":"product","link":"https:\/\/modest-napier.216-250-124-103.plesk.page\/index.php\/producto\/ashwagandha-con-pimienta-negra-60-caps\/","title":{"rendered":"Ashwagandha con Pimienta Negra 60 caps"},"content":{"rendered":"<div>\n<strong>Ashwagandha con Pimienta Negra 60 caps<\/strong><br \/>Ashwagandha es un adapt\u00f3geno natural: una planta que ayuda a tu cuerpo a manejar el estr\u00e9s, equilibrar hormonas, mejorar tu energ\u00eda y mantenerte con buen \u00e1nimo.\n<\/div>\n<ol>\n<li>\n<meta charset=\"utf-8\">Reduce el estr\u00e9s cr\u00f3nico (menos cortisol): El exceso de cortisol acelera el envejecimiento celular, favorece inflamaci\u00f3n y p\u00e9rdida de col\u00e1geno. Al bajarlo, se protegen tejidos y se ve reflejado en energ\u00eda y piel.<\/li>\n<li>\n<span>Equilibra hormonas clave: <\/span>Al apoyar la tiroides y hormonas sexuales, ayuda a mantener un metabolismo activo, mejor tono muscular y energ\u00eda sostenida \u2014 se\u00f1ales de juventud.<\/li>\n<li>\n<span>Favorece el sue\u00f1o profundo y reparador: <\/span>Dormir bien es uno de los factores m\u00e1s potentes para regenerar tejidos y mantener funciones cerebrales j\u00f3venes.<\/li>\n<li>\n<span>Aumenta masa muscular y recuperaci\u00f3n: <\/span>M\u00e1s m\u00fasculo = metabolismo m\u00e1s r\u00e1pido, mejor postura y mejor salud general. El m\u00fasculo se asocia a longevidad y apariencia juvenil.<\/li>\n<li>\n<span>Efecto antioxidante y antiinflamatorio: <\/span>Disminuye procesos inflamatorios cr\u00f3nicos que deterioran piel, articulaciones y sistema inmune con el tiempo.<\/li>\n<li>\n<span>Apoya claridad mental y memoria: <\/span>Con la edad suele bajar la agudeza mental; ashwagandha contribuye a mantener concentraci\u00f3n y memoria m\u00e1s l\u00facidas.<\/p>\n<p>\n<\/li>\n<\/ol>\n","protected":false},"excerpt":{"rendered":"<p>Ashwagandha con Pimienta Negra 60 capsAshwagandha es un adapt\u00f3geno natural: una planta que ayuda a tu cuerpo a manejar el estr\u00e9s, equilibrar hormonas, mejorar tu energ\u00eda y mantenerte con buen [&hellip;]<\/p>\n","protected":false},"featured_media":7869,"comment_status":"open","ping_status":"closed","template":"","meta":[],"product_brand":[],"product_cat":[],"product_tag":[635,636],"class_list":{"0":"post-7866","1":"product","2":"type-product","3":"status-publish","4":"has-post-thumbnail","6":"product_tag-naturals-by-marien","7":"product_tag-shopify-collective","9":"first","10":"outofstock","11":"shipping-taxable","12":"purchasable","13":"product-type-simple"},"_links":{"self":[{"href":"https:\/\/modest-napier.216-250-124-103.plesk.page\/index.php\/wp-json\/wp\/v2\/product\/7866","targetHints":{"allow":["GET"]}}],"collection":[{"href":"https:\/\/modest-napier.216-250-124-103.plesk.page\/index.php\/wp-json\/wp\/v2\/product"}],"about":[{"href":"https:\/\/modest-napier.216-250-124-103.plesk.page\/index.php\/wp-json\/wp\/v2\/types\/product"}],"replies":[{"embeddable":true,"href":"https:\/\/modest-napier.216-250-124-103.plesk.page\/index.php\/wp-json\/wp\/v2\/comments?post=7866"}],"wp:featuredmedia":[{"embeddable":true,"href":"https:\/\/modest-napier.216-250-124-103.plesk.page\/index.php\/wp-json\/wp\/v2\/media\/7869"}],"wp:attachment":[{"href":"https:\/\/modest-napier.216-250-124-103.plesk.page\/index.php\/wp-json\/wp\/v2\/media?parent=7866"}],"wp:term":[{"taxonomy":"product_brand","embeddable":true,"href":"https:\/\/modest-napier.216-250-124-103.plesk.page\/index.php\/wp-json\/wp\/v2\/product_brand?post=7866"},{"taxonomy":"product_cat","embeddable":true,"href":"https:\/\/modest-napier.216-250-124-103.plesk.page\/index.php\/wp-json\/wp\/v2\/product_cat?post=7866"},{"taxonomy":"product_tag","embeddable":true,"href":"https:\/\/modest-napier.216-250-124-103.plesk.page\/index.php\/wp-json\/wp\/v2\/product_tag?post=7866"}],"curies":[{"name":"wp","href":"https:\/\/api.w.org\/{rel}","templated":true}]}}