{"id":7877,"date":"2025-10-21T13:32:20","date_gmt":"2025-10-21T13:32:20","guid":{"rendered":"https:\/\/modest-napier.216-250-124-103.plesk.page\/index.php\/producto\/cds-solucion-dioxido-de-cloro-a-3000ppm\/"},"modified":"2025-10-21T13:32:21","modified_gmt":"2025-10-21T13:32:21","slug":"cds-solucion-dioxido-de-cloro-a-3000ppm","status":"publish","type":"product","link":"https:\/\/modest-napier.216-250-124-103.plesk.page\/index.php\/producto\/cds-solucion-dioxido-de-cloro-a-3000ppm\/","title":{"rendered":"CDS (Soluci\u00f3n Di\u00f3xido de Cloro) a 3000ppm"},"content":{"rendered":"<p><span>El <strong>CDS (Soluci\u00f3n Di\u00f3xido de Cloro)<\/strong> es una soluci\u00f3n de agua saturada con gas (Di\u00f3xido de Cloro) elaborado siguiendo las normas de Andreas Kalcker.\u00a0<\/span><span><strong><\/strong><\/span><\/p>\n","protected":false},"excerpt":{"rendered":"<p>El CDS (Soluci\u00f3n Di\u00f3xido de Cloro) es una soluci\u00f3n de agua saturada con gas (Di\u00f3xido de Cloro) elaborado siguiendo las normas de Andreas Kalcker.\u00a0<\/p>\n","protected":false},"featured_media":7880,"comment_status":"open","ping_status":"closed","template":"","meta":[],"product_brand":[],"product_cat":[],"product_tag":[635,636],"class_list":{"0":"post-7877","1":"product","2":"type-product","3":"status-publish","4":"has-post-thumbnail","6":"product_tag-naturals-by-marien","7":"product_tag-shopify-collective","9":"first","10":"outofstock","11":"shipping-taxable","12":"purchasable","13":"product-type-variable"},"_links":{"self":[{"href":"https:\/\/modest-napier.216-250-124-103.plesk.page\/index.php\/wp-json\/wp\/v2\/product\/7877","targetHints":{"allow":["GET"]}}],"collection":[{"href":"https:\/\/modest-napier.216-250-124-103.plesk.page\/index.php\/wp-json\/wp\/v2\/product"}],"about":[{"href":"https:\/\/modest-napier.216-250-124-103.plesk.page\/index.php\/wp-json\/wp\/v2\/types\/product"}],"replies":[{"embeddable":true,"href":"https:\/\/modest-napier.216-250-124-103.plesk.page\/index.php\/wp-json\/wp\/v2\/comments?post=7877"}],"wp:featuredmedia":[{"embeddable":true,"href":"https:\/\/modest-napier.216-250-124-103.plesk.page\/index.php\/wp-json\/wp\/v2\/media\/7880"}],"wp:attachment":[{"href":"https:\/\/modest-napier.216-250-124-103.plesk.page\/index.php\/wp-json\/wp\/v2\/media?parent=7877"}],"wp:term":[{"taxonomy":"product_brand","embeddable":true,"href":"https:\/\/modest-napier.216-250-124-103.plesk.page\/index.php\/wp-json\/wp\/v2\/product_brand?post=7877"},{"taxonomy":"product_cat","embeddable":true,"href":"https:\/\/modest-napier.216-250-124-103.plesk.page\/index.php\/wp-json\/wp\/v2\/product_cat?post=7877"},{"taxonomy":"product_tag","embeddable":true,"href":"https:\/\/modest-napier.216-250-124-103.plesk.page\/index.php\/wp-json\/wp\/v2\/product_tag?post=7877"}],"curies":[{"name":"wp","href":"https:\/\/api.w.org\/{rel}","templated":true}]}}