{"id":7893,"date":"2025-10-21T13:33:36","date_gmt":"2025-10-21T13:33:36","guid":{"rendered":"https:\/\/modest-napier.216-250-124-103.plesk.page\/index.php\/producto\/humic-fulvic-trace-minerals-electrolytes-120-ml\/"},"modified":"2025-10-21T13:33:37","modified_gmt":"2025-10-21T13:33:37","slug":"humic-fulvic-trace-minerals-electrolytes-120-ml","status":"publish","type":"product","link":"https:\/\/modest-napier.216-250-124-103.plesk.page\/index.php\/producto\/humic-fulvic-trace-minerals-electrolytes-120-ml\/","title":{"rendered":"Humic\/Fulvic Trace Minerals &#038; Electrolytes 120 ml"},"content":{"rendered":"<p>Los <strong>Humic\/Fulvic Trace Minerales &amp; Electrolytes<\/strong>\u00a0contienen m\u00e1s de 75 minerales y oligoelementos que proporcionan la nutrici\u00f3n esencial necesaria para la salud celular, el equilibrio celular, el crecimiento celular y la replicaci\u00f3n. Excelente quelante (Elimina toxinas a trav\u00e9s de la orina y la piel), potenciado la inmunidad. Calidad alimenticia. De r\u00e1pida absorci\u00f3n.<strong><\/strong><\/p>\n","protected":false},"excerpt":{"rendered":"<p>Los Humic\/Fulvic Trace Minerales &amp; Electrolytes\u00a0contienen m\u00e1s de 75 minerales y oligoelementos que proporcionan la nutrici\u00f3n esencial necesaria para la salud celular, el equilibrio celular, el crecimiento celular y la [&hellip;]<\/p>\n","protected":false},"featured_media":7895,"comment_status":"open","ping_status":"closed","template":"","meta":[],"product_brand":[],"product_cat":[],"product_tag":[635,636],"class_list":{"0":"post-7893","1":"product","2":"type-product","3":"status-publish","4":"has-post-thumbnail","6":"product_tag-naturals-by-marien","7":"product_tag-shopify-collective","9":"first","10":"outofstock","11":"shipping-taxable","12":"purchasable","13":"product-type-simple"},"_links":{"self":[{"href":"https:\/\/modest-napier.216-250-124-103.plesk.page\/index.php\/wp-json\/wp\/v2\/product\/7893","targetHints":{"allow":["GET"]}}],"collection":[{"href":"https:\/\/modest-napier.216-250-124-103.plesk.page\/index.php\/wp-json\/wp\/v2\/product"}],"about":[{"href":"https:\/\/modest-napier.216-250-124-103.plesk.page\/index.php\/wp-json\/wp\/v2\/types\/product"}],"replies":[{"embeddable":true,"href":"https:\/\/modest-napier.216-250-124-103.plesk.page\/index.php\/wp-json\/wp\/v2\/comments?post=7893"}],"wp:featuredmedia":[{"embeddable":true,"href":"https:\/\/modest-napier.216-250-124-103.plesk.page\/index.php\/wp-json\/wp\/v2\/media\/7895"}],"wp:attachment":[{"href":"https:\/\/modest-napier.216-250-124-103.plesk.page\/index.php\/wp-json\/wp\/v2\/media?parent=7893"}],"wp:term":[{"taxonomy":"product_brand","embeddable":true,"href":"https:\/\/modest-napier.216-250-124-103.plesk.page\/index.php\/wp-json\/wp\/v2\/product_brand?post=7893"},{"taxonomy":"product_cat","embeddable":true,"href":"https:\/\/modest-napier.216-250-124-103.plesk.page\/index.php\/wp-json\/wp\/v2\/product_cat?post=7893"},{"taxonomy":"product_tag","embeddable":true,"href":"https:\/\/modest-napier.216-250-124-103.plesk.page\/index.php\/wp-json\/wp\/v2\/product_tag?post=7893"}],"curies":[{"name":"wp","href":"https:\/\/api.w.org\/{rel}","templated":true}]}}