{"id":7910,"date":"2025-10-21T13:34:18","date_gmt":"2025-10-21T13:34:18","guid":{"rendered":"https:\/\/modest-napier.216-250-124-103.plesk.page\/index.php\/producto\/melatonina-l-teanina-y-magnesio-60-capsulas\/"},"modified":"2025-10-21T13:34:19","modified_gmt":"2025-10-21T13:34:19","slug":"melatonina-l-teanina-y-magnesio-60-capsulas","status":"publish","type":"product","link":"https:\/\/modest-napier.216-250-124-103.plesk.page\/index.php\/producto\/melatonina-l-teanina-y-magnesio-60-capsulas\/","title":{"rendered":"Melatonina (+ L-Teanina y Magnesio) 60 c\u00e1psulas"},"content":{"rendered":"<p data-start=\"250\" data-end=\"357\">El suplemento de melatonina con L-teanina y magnesio est\u00e1 dise\u00f1ado para apoyar el bienestar general y el descanso natural. Su f\u00f3rmula avanzada combina el poder de la <strong data-start=\"361\" data-end=\"384\">L-Teanina, el <\/strong><strong data-start=\"389\" data-end=\"423\">Glicinato de Magnesio y la M<\/strong><strong data-start=\"428\" data-end=\"451\">elatonina.<\/strong><strong data-start=\"455\" data-end=\"487\"><\/strong><\/p>\n","protected":false},"excerpt":{"rendered":"<p>El suplemento de melatonina con L-teanina y magnesio est\u00e1 dise\u00f1ado para apoyar el bienestar general y el descanso natural. Su f\u00f3rmula avanzada combina el poder de la L-Teanina, el Glicinato [&hellip;]<\/p>\n","protected":false},"featured_media":7919,"comment_status":"open","ping_status":"closed","template":"","meta":[],"product_brand":[],"product_cat":[],"product_tag":[637,39,173,635,636],"class_list":{"0":"post-7910","1":"product","2":"type-product","3":"status-publish","4":"has-post-thumbnail","6":"product_tag-l-teanina","7":"product_tag-magnesio","8":"product_tag-melatonina","9":"product_tag-naturals-by-marien","10":"product_tag-shopify-collective","12":"first","13":"outofstock","14":"shipping-taxable","15":"purchasable","16":"product-type-simple"},"_links":{"self":[{"href":"https:\/\/modest-napier.216-250-124-103.plesk.page\/index.php\/wp-json\/wp\/v2\/product\/7910","targetHints":{"allow":["GET"]}}],"collection":[{"href":"https:\/\/modest-napier.216-250-124-103.plesk.page\/index.php\/wp-json\/wp\/v2\/product"}],"about":[{"href":"https:\/\/modest-napier.216-250-124-103.plesk.page\/index.php\/wp-json\/wp\/v2\/types\/product"}],"replies":[{"embeddable":true,"href":"https:\/\/modest-napier.216-250-124-103.plesk.page\/index.php\/wp-json\/wp\/v2\/comments?post=7910"}],"wp:featuredmedia":[{"embeddable":true,"href":"https:\/\/modest-napier.216-250-124-103.plesk.page\/index.php\/wp-json\/wp\/v2\/media\/7919"}],"wp:attachment":[{"href":"https:\/\/modest-napier.216-250-124-103.plesk.page\/index.php\/wp-json\/wp\/v2\/media?parent=7910"}],"wp:term":[{"taxonomy":"product_brand","embeddable":true,"href":"https:\/\/modest-napier.216-250-124-103.plesk.page\/index.php\/wp-json\/wp\/v2\/product_brand?post=7910"},{"taxonomy":"product_cat","embeddable":true,"href":"https:\/\/modest-napier.216-250-124-103.plesk.page\/index.php\/wp-json\/wp\/v2\/product_cat?post=7910"},{"taxonomy":"product_tag","embeddable":true,"href":"https:\/\/modest-napier.216-250-124-103.plesk.page\/index.php\/wp-json\/wp\/v2\/product_tag?post=7910"}],"curies":[{"name":"wp","href":"https:\/\/api.w.org\/{rel}","templated":true}]}}