{"id":7931,"date":"2025-12-10T01:23:31","date_gmt":"2025-12-10T01:23:31","guid":{"rendered":"https:\/\/modest-napier.216-250-124-103.plesk.page\/index.php\/producto\/tab-vit-c-magnesio-zinc-c-60-sunatura\/"},"modified":"2025-12-10T01:23:32","modified_gmt":"2025-12-10T01:23:32","slug":"tab-vit-c-magnesio-zinc-c-60-sunatura","status":"publish","type":"product","link":"https:\/\/modest-napier.216-250-124-103.plesk.page\/index.php\/producto\/tab-vit-c-magnesio-zinc-c-60-sunatura\/","title":{"rendered":"TAB VIT C + MAGNESIO + ZINC C\/60 SUNATURA"},"content":{"rendered":"<p><span data-sheets-root=\"1\">El suplemento de <strong>Vitamina C con magnesio y zinc<\/strong> en tabletas est\u00e1 dise\u00f1ado para fortalecer el sistema inmunol\u00f3gico, aumentar la energ\u00eda y apoyar el bienestar diario. Ideal para quienes llevan un ritmo de vida activo, atraviesan \u00e9pocas de estr\u00e9s o buscan una protecci\u00f3n extra frente a resfriados.<br \/><\/span><\/p>\n","protected":false},"excerpt":{"rendered":"<p>El suplemento de Vitamina C con magnesio y zinc en tabletas est\u00e1 dise\u00f1ado para fortalecer el sistema inmunol\u00f3gico, aumentar la energ\u00eda y apoyar el bienestar diario. Ideal para quienes llevan [&hellip;]<\/p>\n","protected":false},"featured_media":7932,"comment_status":"open","ping_status":"closed","template":"","meta":[],"product_brand":[],"product_cat":[],"product_tag":[39,86,179],"class_list":{"0":"post-7931","1":"product","2":"type-product","3":"status-publish","4":"has-post-thumbnail","6":"product_tag-magnesio","7":"product_tag-vitamina-c","8":"product_tag-zinc","10":"first","11":"instock","12":"shipping-taxable","13":"purchasable","14":"product-type-simple"},"_links":{"self":[{"href":"https:\/\/modest-napier.216-250-124-103.plesk.page\/index.php\/wp-json\/wp\/v2\/product\/7931","targetHints":{"allow":["GET"]}}],"collection":[{"href":"https:\/\/modest-napier.216-250-124-103.plesk.page\/index.php\/wp-json\/wp\/v2\/product"}],"about":[{"href":"https:\/\/modest-napier.216-250-124-103.plesk.page\/index.php\/wp-json\/wp\/v2\/types\/product"}],"replies":[{"embeddable":true,"href":"https:\/\/modest-napier.216-250-124-103.plesk.page\/index.php\/wp-json\/wp\/v2\/comments?post=7931"}],"wp:featuredmedia":[{"embeddable":true,"href":"https:\/\/modest-napier.216-250-124-103.plesk.page\/index.php\/wp-json\/wp\/v2\/media\/7932"}],"wp:attachment":[{"href":"https:\/\/modest-napier.216-250-124-103.plesk.page\/index.php\/wp-json\/wp\/v2\/media?parent=7931"}],"wp:term":[{"taxonomy":"product_brand","embeddable":true,"href":"https:\/\/modest-napier.216-250-124-103.plesk.page\/index.php\/wp-json\/wp\/v2\/product_brand?post=7931"},{"taxonomy":"product_cat","embeddable":true,"href":"https:\/\/modest-napier.216-250-124-103.plesk.page\/index.php\/wp-json\/wp\/v2\/product_cat?post=7931"},{"taxonomy":"product_tag","embeddable":true,"href":"https:\/\/modest-napier.216-250-124-103.plesk.page\/index.php\/wp-json\/wp\/v2\/product_tag?post=7931"}],"curies":[{"name":"wp","href":"https:\/\/api.w.org\/{rel}","templated":true}]}}